{"id":9,"date":"2020-11-19T12:17:37","date_gmt":"2020-11-19T12:17:37","guid":{"rendered":"https:\/\/tudatosoregedes.hu\/herstory\/about\/"},"modified":"2021-09-19T18:51:20","modified_gmt":"2021-09-19T18:51:20","slug":"about","status":"publish","type":"page","link":"https:\/\/tudatosoregedes.hu\/herstory\/about\/","title":{"rendered":"About"},"content":{"rendered":"\n\nA projektr\u0151l\n\n\n\n\n#Mit csin\u00e1lunk?\nA kl\u00edma \u00e9s a gondoskod\u00e1s v\u00e1ls\u00e1g\u00e1t \u00e9lj\u00fck.\n1. N\u0151ket k\u00e9r\u00fcnk, hogy mes\u00e9ljenek az \u00e9let\u00fckr\u0151l, a lehet\u0151s\u00e9geikr\u0151l, neh\u00e9zs\u00e9geikr\u0151l, megold\u00e1saikr\u00f3l, val\u00f3s\u00e1gukr\u00f3l.\n<div><br><\/div>2. N\u0151ket seg\u00edt\u00fcnk a gondoskod\u00e1ssal \u00e9s az \u00e9lelmez\u00e9ssel kapcsolatos neh\u00e9zs\u00e9geik megold\u00e1s\u00e1ban.\n<p style=\"font-family:roboto;font-size:16px;font-weight:500;color:#000;line-height:1.5\">Az emberi t\u00e1rsadalmak \u00faj utakat, megold\u00e1sokat, rendszereket k\u00e9nytelenek keresni \u00e9s tal\u00e1lni. Hogy n\u00e9zzenek ki ezek az \u00faj rendszerek? Milyen alapvet\u0151 v\u00e1ltoztat\u00e1sokra van sz\u00fcks\u00e9g?&nbsp;<\/p><br><p style=\"font-family:roboto;font-size:16px;font-weight:500;color:#000;line-height:1.5\"><span style=\"background-color: transparent;\">Vil\u00e1gszerte a n\u0151k v\u00e9gzik a gondoskod\u00e1si \u00e9s a kisgazdas\u00e1gi munk\u00e1k d\u00f6nt\u0151 r\u00e9sz\u00e9t. A n\u0151k m\u00faltja, jelene \u00e9s sz\u00e1nd\u00e9kai ez\u00e9rt alapvet\u0151en fontosak a j\u00f6v\u0151 ir\u00e1nyainak meghat\u00e1roz\u00e1s\u00e1ban.&nbsp;<\/span><\/p><p style=\"line-height: 1.5;\"><span style=\"background-color: transparent;\"><font color=\"#000000\" face=\"roboto\"><br>Az egyik c\u00e9l teh\u00e1t \u00f6sszegy\u0171jteni \u00e9s l\u00e1that\u00f3v\u00e1 tenni a n\u0151k t\u00f6rt\u00e9neteit\/val\u00f3s\u00e1g\u00e1t az \u00e9lelmiszer \u00f6nrendelkez\u00e9ssel, vid\u00e9ki \u00e9lettel, \u00f6nell\u00e1t\u00e1ssal, \u00e9s az ezzel szorosan kapcsol\u00f3d\u00f3 gondoskod\u00e1si v\u00e1ls\u00e1ggal kapcsolatosan. <br><br>A m\u00e1sik c\u00e9l seg\u00edts\u00e9geket ny\u00fajtani a gondoskod\u00e1ssal, az \u00e9lelmez\u00e9ssel kapcsolatos, legink\u00e1bb a n\u0151ket \u00e9rint\u0151 neh\u00e9zs\u00e9gek megold\u00e1s\u00e1ban.<br><\/font><\/span><\/p>\n\n\n\n\n\n\n\n\n\n\n\n\n\n\n\n\n\n\n\n\n\n\n\n\n#K\u00f6z\u00f6ss\u00e9g\nHozz\u00e1j\u00e1ruln\u00e1l a munk\u00e1hoz?\n<p style=\"font-family:roboto;font-size:18px;font-weight:500;color:#000;line-height:1.5\">L\u00e9pj kapcsolatba vel\u00fcnk.<\/p>\n\n\n\n\n\n\n\n\n\n\n\n\n\n\n\n\n\n\n\n\n#Olvasnival\u00f3\n\u00c9rdemes megn\u00e9zni\n<p style=\"font-family:roboto;font-size:18px;font-weight:500;color:#000;line-height:1.5\">Hasznos cikkek, anyagok.<\/p>\n\n\n\n\n\n\n\n\n\n\n\n#Team\nA kutat\u00e1sban r\u00e9szt vev\u0151 kutat\u00f3k, aktivist\u00e1k, szak\u00e9rt\u0151k\n\n\n<p style=\"font-family:roboto;font-size:18px;font-weight:500;color:#000;line-height:1.5\">\u00e9s&nbsp;<\/p>\n<p style=\"font-family:roboto;font-size:18px;font-weight:500;color:#000;line-height:1.5;letter-spacing:0.5px\">m\u00e1sok<\/p>\n\n\n\n\n<p style=\"font-family:roboto;font-size:15px;font-weight:400;color:#343434;line-height:1.5\">Aktivista<\/p>\n\n\n<p style=\"font-family:roboto;font-size:15px;font-weight:400;color:#343434;line-height:1.5\">Aktivista kutat\u00f3<\/p>\n\n\n<p style=\"font-family:roboto;font-size:15px;font-weight:400;color:#343434;line-height:1.5\">Aktivista<\/p>\n\n\n<p style=\"font-family:roboto;font-size:15px;font-weight:400;color:#343434;line-height:1.5\">Kutat\u00f3<\/p>\n\n\n\n\n<p style=\"font-family:roboto;font-size:15px;font-weight:400;color:#343434;line-height:1.5\">K\u00f6rnyezet-, \u00e9s szoci\u00e1lantropol\u00f3gus<\/p>\n\n\n<p style=\"font-family:roboto;font-size:15px;font-weight:400;color:#343434;line-height:1.5\">Kutat\u00f3<\/p>\n\n\n<p style=\"font-family:roboto;font-size:15px;font-weight:400;color:#343434;line-height:1.5\">Egyetemi adjunktus<\/p>\n\n\n<p><span style=\"color: rgb(0, 0, 0); font-family: Calibri, Arial, Helvetica, sans-serif; font-size: 16px; background-color: transparent;\">Aktivista gazda<\/span><\/p>\n\n\n\n\n<p style=\"font-family:roboto;font-size:15px;font-weight:400;color:#343434;line-height:1.5\">Kutat\u00f3<\/p>\n\n\n<p style=\"font-family:roboto;font-size:15px;font-weight:400;color:#343434;line-height:1.5\">Kutat\u00f3<\/p>\n\n\n<p style=\"font-family:roboto;font-size:15px;font-weight:400;color:#343434;line-height:1.5\">Aktivista<\/p>\n\n\n\n\n\n\n","protected":false},"excerpt":{"rendered":"","protected":false},"author":0,"featured_media":0,"parent":0,"menu_order":0,"comment_status":"closed","ping_status":"closed","template":"","meta":{"pagelayer_contact_templates":[],"_pagelayer_content":"","footnotes":""},"class_list":["post-9","page","type-page","status-publish","hentry"],"_links":{"self":[{"href":"https:\/\/tudatosoregedes.hu\/herstory\/wp-json\/wp\/v2\/pages\/9","targetHints":{"allow":["GET"]}}],"collection":[{"href":"https:\/\/tudatosoregedes.hu\/herstory\/wp-json\/wp\/v2\/pages"}],"about":[{"href":"https:\/\/tudatosoregedes.hu\/herstory\/wp-json\/wp\/v2\/types\/page"}],"replies":[{"embeddable":true,"href":"https:\/\/tudatosoregedes.hu\/herstory\/wp-json\/wp\/v2\/comments?post=9"}],"version-history":[{"count":31,"href":"https:\/\/tudatosoregedes.hu\/herstory\/wp-json\/wp\/v2\/pages\/9\/revisions"}],"predecessor-version":[{"id":348,"href":"https:\/\/tudatosoregedes.hu\/herstory\/wp-json\/wp\/v2\/pages\/9\/revisions\/348"}],"wp:attachment":[{"href":"https:\/\/tudatosoregedes.hu\/herstory\/wp-json\/wp\/v2\/media?parent=9"}],"curies":[{"name":"wp","href":"https:\/\/api.w.org\/{rel}","templated":true}]}}