{"id":8,"date":"2020-11-19T12:17:37","date_gmt":"2020-11-19T12:17:37","guid":{"rendered":"https:\/\/tudatosoregedes.hu\/herstory\/contact\/"},"modified":"2020-11-19T15:07:05","modified_gmt":"2020-11-19T15:07:05","slug":"contact","status":"publish","type":"page","link":"https:\/\/tudatosoregedes.hu\/herstory\/contact\/","title":{"rendered":"Contact"},"content":{"rendered":"\n\nKapcsolat\n\n\n\n\n#\u00cdrn\u00e1l?&nbsp;\n<p style=\"font-family:roboto;font-size:15px;font-weight:500;color:#000;line-height:1.5\">Kapcsol\u00f3dn\u00e1l?&nbsp;<\/p><p style=\"font-family:roboto;font-size:15px;font-weight:500;color:#000;line-height:1.5\">Megosztan\u00e1d a t\u00f6rt\u00e9neted?<br>L\u00e9pj vel\u00fcnk kapcsolatba!<\/p>\n\n\n\n\n\n\n\n\n\n\n\n\n\n\n\n\n\n\n\n\n\n\n\n\n\n\n\n\n\n\n\n\n\n\n\n\n\n\n\n\n\n\n\n\n\n\n\n\n\n\n\nHungary\n\n\n","protected":false},"excerpt":{"rendered":"","protected":false},"author":0,"featured_media":0,"parent":0,"menu_order":0,"comment_status":"closed","ping_status":"closed","template":"","meta":{"pagelayer_contact_templates":[],"_pagelayer_content":"","footnotes":""},"class_list":["post-8","page","type-page","status-publish","hentry"],"_links":{"self":[{"href":"https:\/\/tudatosoregedes.hu\/herstory\/wp-json\/wp\/v2\/pages\/8","targetHints":{"allow":["GET"]}}],"collection":[{"href":"https:\/\/tudatosoregedes.hu\/herstory\/wp-json\/wp\/v2\/pages"}],"about":[{"href":"https:\/\/tudatosoregedes.hu\/herstory\/wp-json\/wp\/v2\/types\/page"}],"replies":[{"embeddable":true,"href":"https:\/\/tudatosoregedes.hu\/herstory\/wp-json\/wp\/v2\/comments?post=8"}],"version-history":[{"count":4,"href":"https:\/\/tudatosoregedes.hu\/herstory\/wp-json\/wp\/v2\/pages\/8\/revisions"}],"predecessor-version":[{"id":45,"href":"https:\/\/tudatosoregedes.hu\/herstory\/wp-json\/wp\/v2\/pages\/8\/revisions\/45"}],"wp:attachment":[{"href":"https:\/\/tudatosoregedes.hu\/herstory\/wp-json\/wp\/v2\/media?parent=8"}],"curies":[{"name":"wp","href":"https:\/\/api.w.org\/{rel}","templated":true}]}}